{"id":877,"date":"2022-08-02T07:47:00","date_gmt":"2022-08-02T07:47:00","guid":{"rendered":"http:\/\/marcoajero.com\/finals05\/?page_id=877"},"modified":"2022-08-02T10:20:30","modified_gmt":"2022-08-02T10:20:30","slug":"sine-eddie-garcia","status":"publish","type":"page","link":"http:\/\/marcoajero.com\/finals05\/index.php\/sine-eddie-garcia\/","title":{"rendered":"Sine | Eddie Garcia"},"content":{"rendered":"\t\t<div data-elementor-type=\"wp-page\" data-elementor-id=\"877\" class=\"elementor elementor-877\">\n\t\t\t\t\t\t\t<div class=\"elementor-element elementor-element-6ff1371 e-container--column e-container\" data-id=\"6ff1371\" data-element_type=\"container\" data-settings=\"{&quot;background_background&quot;:&quot;classic&quot;}\">\t\t<div class=\"elementor-element elementor-element-f1836ff e-container--column e-container\" data-id=\"f1836ff\" data-element_type=\"container\">\t\t<div class=\"elementor-element elementor-element-258d2b7 e-container--row e-container\" data-id=\"258d2b7\" data-element_type=\"container\">\t\t<div class=\"elementor-element elementor-element-494d893 e-container--column e-container\" data-id=\"494d893\" data-element_type=\"container\">\t\t\t\t<div class=\"elementor-element elementor-element-9dbe71e jltma-glass-effect-no elementor-invisible elementor-widget elementor-widget-image\" data-id=\"9dbe71e\" data-element_type=\"widget\" data-settings=\"{&quot;_animation&quot;:&quot;fadeInDown&quot;}\" data-widget_type=\"image.default\">\n\t\t\t\t<div class=\"elementor-widget-container\">\n\t\t\t<style>\/*! elementor - v3.6.7 - 03-07-2022 *\/\n.elementor-widget-image{text-align:center}.elementor-widget-image a{display:inline-block}.elementor-widget-image a img[src$=\".svg\"]{width:48px}.elementor-widget-image img{vertical-align:middle;display:inline-block}<\/style>\t\t\t\t\t\t\t\t\t\t\t\t<img decoding=\"async\" width=\"768\" height=\"1151\" src=\"https:\/\/mlghc9sf2vl7.i.optimole.com\/M4q2UZA.CVmX~4eec8\/w:768\/h:1151\/q:100\/f:avif\/http:\/\/marcoajero.com\/finals05\/wp-content\/uploads\/2022\/08\/eddie-garcia.jpg\" class=\"attachment-medium_large size-medium_large\" alt=\"\" \/>\t\t\t\t\t\t\t\t\t\t\t\t\t\t\t<\/div>\n\t\t\t\t<\/div>\n\t\t<\/div><div class=\"elementor-element elementor-element-64807f6 e-container--column elementor-invisible e-container\" data-id=\"64807f6\" data-element_type=\"container\" data-settings=\"{&quot;animation&quot;:&quot;fadeInDown&quot;,&quot;animation_delay&quot;:1}\">\t\t<div class=\"elementor-element elementor-element-908334d e-container--row e-container\" data-id=\"908334d\" data-element_type=\"container\">\t\t\t\t<div class=\"elementor-element elementor-element-2e2d19b jltma-glass-effect-no elementor-widget elementor-widget-heading\" data-id=\"2e2d19b\" data-element_type=\"widget\" data-widget_type=\"heading.default\">\n\t\t\t\t<div class=\"elementor-widget-container\">\n\t\t\t<style>\/*! elementor - v3.6.7 - 03-07-2022 *\/\n.elementor-heading-title{padding:0;margin:0;line-height:1}.elementor-widget-heading .elementor-heading-title[class*=elementor-size-]>a{color:inherit;font-size:inherit;line-height:inherit}.elementor-widget-heading .elementor-heading-title.elementor-size-small{font-size:15px}.elementor-widget-heading .elementor-heading-title.elementor-size-medium{font-size:19px}.elementor-widget-heading .elementor-heading-title.elementor-size-large{font-size:29px}.elementor-widget-heading .elementor-heading-title.elementor-size-xl{font-size:39px}.elementor-widget-heading .elementor-heading-title.elementor-size-xxl{font-size:59px}<\/style><h2 class=\"elementor-heading-title elementor-size-default\">Eddie Garcia<\/h2>\t\t<\/div>\n\t\t\t\t<\/div>\n\t\t<\/div>\t\t<div class=\"elementor-element elementor-element-3031711 jltma-glass-effect-no elementor-widget elementor-widget-text-editor\" data-id=\"3031711\" data-element_type=\"widget\" data-widget_type=\"text-editor.default\">\n\t\t\t\t<div class=\"elementor-widget-container\">\n\t\t\t<style>\/*! elementor - v3.6.7 - 03-07-2022 *\/\n.elementor-widget-text-editor.elementor-drop-cap-view-stacked .elementor-drop-cap{background-color:#818a91;color:#fff}.elementor-widget-text-editor.elementor-drop-cap-view-framed .elementor-drop-cap{color:#818a91;border:3px solid;background-color:transparent}.elementor-widget-text-editor:not(.elementor-drop-cap-view-default) .elementor-drop-cap{margin-top:8px}.elementor-widget-text-editor:not(.elementor-drop-cap-view-default) .elementor-drop-cap-letter{width:1em;height:1em}.elementor-widget-text-editor .elementor-drop-cap{float:left;text-align:center;line-height:1;font-size:50px}.elementor-widget-text-editor .elementor-drop-cap-letter{display:inline-block}<\/style>\t\t\t\t<p><span style=\"font-weight: 400;\">Eduardo Verchez Garc\u00eda, professionally known as Eddie Garc\u00eda, is a Filipino film actor and director. Born to Antonio Garc\u00eda and Vicenta Verchez on May 2, 1929 in Sorsogon, Sorsogon, he served with the Philippine Scouts right after World War II and was stationed as a military policeman in Okinawa, Japan before joining show business. Best known for portraying villain roles, and his trademark humorous lines mostly in action or comedy films.<\/span><\/p><p><span style=\"font-weight: 400;\">He is the most awarded person in the long history of the Filipino Academy of Movie Arts and Sciences (FAMAS) Awards. He garnered 6 Best Supporting Actor wins, 5 Best Actor wins and 5 Best Director wins, 3 Hall of Fame Awards and 1 Lifetime Achievement Award. He was awarded his first FAMAS Award in 1957 and his last FAMAS, a Hall of Fame for Best Actor, in 2003.<\/span><\/p>\t\t\t\t\t\t<\/div>\n\t\t\t\t<\/div>\n\t\t<div class=\"elementor-element elementor-element-33b3485 e-container--row e-container\" data-id=\"33b3485\" data-element_type=\"container\" data-settings=\"{&quot;background_background&quot;:&quot;classic&quot;}\">\t\t<div class=\"elementor-element elementor-element-dab2dfb e-container--column e-container\" data-id=\"dab2dfb\" data-element_type=\"container\" data-settings=\"{&quot;background_background&quot;:&quot;classic&quot;}\">\t\t\t\t<div class=\"elementor-element elementor-element-353ee7b jltma-glass-effect-no elementor-widget elementor-widget-heading\" data-id=\"353ee7b\" data-element_type=\"widget\" data-widget_type=\"heading.default\">\n\t\t\t\t<div class=\"elementor-widget-container\">\n\t\t\t<h3 class=\"elementor-heading-title elementor-size-default\">BIRDTHDAY<\/h3>\t\t<\/div>\n\t\t\t\t<\/div>\n\t\t<\/div><div class=\"elementor-element elementor-element-b53540b e-container--row e-container\" data-id=\"b53540b\" data-element_type=\"container\">\t\t\t\t<div class=\"elementor-element elementor-element-66538dc jltma-glass-effect-no elementor-widget elementor-widget-heading\" data-id=\"66538dc\" data-element_type=\"widget\" data-widget_type=\"heading.default\">\n\t\t\t\t<div class=\"elementor-widget-container\">\n\t\t\t<h3 class=\"elementor-heading-title elementor-size-default\">May 2, 1929<\/h3>\t\t<\/div>\n\t\t\t\t<\/div>\n\t\t<\/div><\/div><\/div><\/div><div class=\"elementor-element elementor-element-c824443 e-container--column e-container\" data-id=\"c824443\" data-element_type=\"container\">\t\t\t\t<div class=\"elementor-element elementor-element-ecc8208 jltma-glass-effect-no elementor-invisible elementor-widget elementor-widget-heading\" data-id=\"ecc8208\" data-element_type=\"widget\" data-settings=\"{&quot;_animation&quot;:&quot;fadeIn&quot;}\" data-widget_type=\"heading.default\">\n\t\t\t\t<div class=\"elementor-widget-container\">\n\t\t\t<h1 class=\"elementor-heading-title elementor-size-default\">MOVIES<\/h1>\t\t<\/div>\n\t\t\t\t<\/div>\n\t\t<div class=\"elementor-element elementor-element-c43dd3c e-container--row e-container\" data-id=\"c43dd3c\" data-element_type=\"container\">\t\t<div class=\"elementor-element elementor-element-d38945f e-container--column elementor-invisible e-container\" data-id=\"d38945f\" data-element_type=\"container\" data-settings=\"{&quot;animation&quot;:&quot;fadeInUp&quot;}\">\t\t\t\t<div class=\"elementor-element elementor-element-79b284d jltma-glass-effect-no elementor-widget elementor-widget-image\" data-id=\"79b284d\" data-element_type=\"widget\" data-widget_type=\"image.default\">\n\t\t\t\t<div class=\"elementor-widget-container\">\n\t\t\t\t\t\t\t\t\t\t\t\t\t\t\t\t<a href=\"http:\/\/marcoajero.com\/finals05\/index.php\/hintayan-ng-langit\/\">\n\t\t\t\t\t\t\t<img decoding=\"async\" width=\"768\" height=\"1109\" src=\"https:\/\/mlghc9sf2vl7.i.optimole.com\/M4q2UZA.CVmX~4eec8\/w:768\/h:1109\/q:100\/f:avif\/http:\/\/marcoajero.com\/finals05\/wp-content\/uploads\/2022\/07\/hnl-poster.jpg\" class=\"attachment-medium_large size-medium_large\" alt=\"\" \/>\t\t\t\t\t\t\t\t<\/a>\n\t\t\t\t\t\t\t\t\t\t\t\t\t\t\t<\/div>\n\t\t\t\t<\/div>\n\t\t\t\t<div class=\"elementor-element elementor-element-273b751 jltma-glass-effect-no elementor-widget elementor-widget-button\" data-id=\"273b751\" data-element_type=\"widget\" data-widget_type=\"button.default\">\n\t\t\t\t<div class=\"elementor-widget-container\">\n\t\t\t\t\t<div class=\"elementor-button-wrapper\">\n\t\t\t<a href=\"http:\/\/marcoajero.com\/finals05\/index.php\/hintayan-ng-langit\/\" class=\"elementor-button-link elementor-button elementor-size-sm\" role=\"button\">\n\t\t\t\t\t\t<span class=\"elementor-button-content-wrapper\">\n\t\t\t\t\t\t<span class=\"elementor-button-text\">Hintayan ng Langit<\/span>\n\t\t<\/span>\n\t\t\t\t\t<\/a>\n\t\t<\/div>\n\t\t\t\t<\/div>\n\t\t\t\t<\/div>\n\t\t<\/div><\/div><\/div><\/div><\/div>\t\t\t\t\t<\/div>\n\t\t","protected":false},"excerpt":{"rendered":"<p>Eddie Garcia Eduardo Verchez Garc\u00eda, professionally known as Eddie Garc\u00eda, is a Filipino film actor and director. Born to Antonio Garc\u00eda and Vicenta Verchez on May 2, 1929 in Sorsogon, Sorsogon, he served with the Philippine Scouts right after World War II and was stationed as a military policeman in Okinawa, Japan before joining show [&hellip;]<\/p>\n","protected":false},"author":1,"featured_media":0,"parent":0,"menu_order":0,"comment_status":"closed","ping_status":"closed","template":"","meta":{"footnotes":""},"class_list":["post-877","page","type-page","status-publish","hentry"],"_links":{"self":[{"href":"http:\/\/marcoajero.com\/finals05\/index.php\/wp-json\/wp\/v2\/pages\/877","targetHints":{"allow":["GET"]}}],"collection":[{"href":"http:\/\/marcoajero.com\/finals05\/index.php\/wp-json\/wp\/v2\/pages"}],"about":[{"href":"http:\/\/marcoajero.com\/finals05\/index.php\/wp-json\/wp\/v2\/types\/page"}],"author":[{"embeddable":true,"href":"http:\/\/marcoajero.com\/finals05\/index.php\/wp-json\/wp\/v2\/users\/1"}],"replies":[{"embeddable":true,"href":"http:\/\/marcoajero.com\/finals05\/index.php\/wp-json\/wp\/v2\/comments?post=877"}],"version-history":[{"count":7,"href":"http:\/\/marcoajero.com\/finals05\/index.php\/wp-json\/wp\/v2\/pages\/877\/revisions"}],"predecessor-version":[{"id":1192,"href":"http:\/\/marcoajero.com\/finals05\/index.php\/wp-json\/wp\/v2\/pages\/877\/revisions\/1192"}],"wp:attachment":[{"href":"http:\/\/marcoajero.com\/finals05\/index.php\/wp-json\/wp\/v2\/media?parent=877"}],"curies":[{"name":"wp","href":"https:\/\/api.w.org\/{rel}","templated":true}]}}